{"id":1252,"date":"2020-05-03T16:54:05","date_gmt":"2020-05-03T14:54:05","guid":{"rendered":"https:\/\/help.sportler.com\/sportler-card-gutscheine\/"},"modified":"2024-05-30T13:30:44","modified_gmt":"2024-05-30T11:30:44","slug":"sportler-card-buoni","status":"publish","type":"page","link":"https:\/\/help.sportler.com\/it\/sportler-card-buoni\/","title":{"rendered":"I buoni della Loyalty"},"content":{"rendered":"<p><div class=\"fusion-fullwidth fullwidth-box fusion-builder-row-1 nonhundred-percent-fullwidth non-hundred-percent-height-scrolling\" style=\"background-color: rgba(255,255,255,0);background-position: center center;background-repeat: no-repeat;padding-top:0px;padding-right:0px;padding-bottom:0px;padding-left:0px;margin-bottom: 0px;margin-top: 30px;border-width: 0px 0px 0px 0px;border-color:#eae9e9;border-style:solid;\" ><div class=\"fusion-builder-row fusion-row\"><div class=\"fusion-layout-column fusion_builder_column fusion-builder-column-0 fusion_builder_column_1_2 1_2 fusion-one-half fusion-column-first\" style=\"width:50%;width:calc(50% - ( ( 4% ) * 0.5 ) );margin-right: 4%;margin-top:0px;margin-bottom:20px;\"><div class=\"fusion-column-wrapper fusion-flex-column-wrapper-legacy\" style=\"background-position:left top;background-repeat:no-repeat;-webkit-background-size:cover;-moz-background-size:cover;-o-background-size:cover;background-size:cover;padding: 0px 0px 0px 0px;\"><div class=\"fusion-text fusion-text-1\"><h1>CONVERTIRE E RISCATTARE I BUONI<\/h1>\n<p>Puoi convertire i tuoi punti in buoni fedelt\u00e0 in maniera semplice e veloce nella nostra App o accedendo al tuo account. Potrai cos\u00ec utilizzarli per il tuo prossimo acquisto.<\/p>\n<\/div><div class=\"fusion-clearfix\"><\/div><\/div><\/div><div class=\"fusion-layout-column fusion_builder_column fusion-builder-column-1 fusion_builder_column_1_2 1_2 fusion-one-half fusion-column-last\" style=\"width:50%;width:calc(50% - ( ( 4% ) * 0.5 ) );margin-top:0px;margin-bottom:20px;\"><div class=\"fusion-column-wrapper fusion-flex-column-wrapper-legacy\" style=\"background-position:left top;background-repeat:no-repeat;-webkit-background-size:cover;-moz-background-size:cover;-o-background-size:cover;background-size:cover;padding: 0px 0px 0px 0px;\"><span class=\" fusion-imageframe imageframe-none imageframe-1 hover-type-none\"><img decoding=\"async\" width=\"300\" height=\"300\" title=\"SPORTLER Card buoni\" src=\"https:\/\/help.sportler.com\/wp-content\/uploads\/2020\/05\/SPORTLER-Card-buoni-300x300.jpg\" class=\"img-responsive wp-image-1275\" srcset=\"https:\/\/help.sportler.com\/wp-content\/uploads\/2020\/05\/SPORTLER-Card-buoni-200x200.jpg 200w, https:\/\/help.sportler.com\/wp-content\/uploads\/2020\/05\/SPORTLER-Card-buoni-400x400.jpg 400w, https:\/\/help.sportler.com\/wp-content\/uploads\/2020\/05\/SPORTLER-Card-buoni-600x601.jpg 600w, https:\/\/help.sportler.com\/wp-content\/uploads\/2020\/05\/SPORTLER-Card-buoni-800x801.jpg 800w, https:\/\/help.sportler.com\/wp-content\/uploads\/2020\/05\/SPORTLER-Card-buoni.jpg 1080w\" sizes=\"(max-width: 800px) 100vw, 400px\" \/><\/span><div class=\"fusion-clearfix\"><\/div><\/div><\/div><\/div><\/div><div class=\"fusion-fullwidth fullwidth-box fusion-builder-row-2 nonhundred-percent-fullwidth non-hundred-percent-height-scrolling\" style=\"background-color: rgba(255,255,255,0);background-position: center center;background-repeat: no-repeat;padding-top:0px;padding-right:0px;padding-bottom:0px;padding-left:0px;margin-bottom: 0px;margin-top: 0px;border-width: 0px 0px 0px 0px;border-color:#eae9e9;border-style:solid;\" ><div class=\"fusion-builder-row fusion-row\"><div class=\"fusion-layout-column fusion_builder_column fusion-builder-column-2 fusion_builder_column_1_1 1_1 fusion-one-full fusion-column-first fusion-column-last\" style=\"margin-top:0px;margin-bottom:20px;\"><div class=\"fusion-column-wrapper fusion-flex-column-wrapper-legacy\" style=\"background-position:left top;background-repeat:no-repeat;-webkit-background-size:cover;-moz-background-size:cover;-o-background-size:cover;background-size:cover;padding: 0px 0px 0px 0px;\"><div class=\"fusion-blog-shortcode fusion-blog-shortcode-1 fusion-blog-archive fusion-blog-layout-large fusion-blog-pagination fusion-blog-no-images\"><div class=\"fusion-posts-container fusion-posts-container-pagination fusion-no-meta-info\" data-pages=\"1\"><article id=\"blog-1-post-1381\" class=\"fusion-post-large post-1381 post type-post status-publish format-standard hentry category-card tag-card-voucher-it\">\n<div class=\"fusion-post-content post-content\"><h2 class=\"blog-shortcode-post-title entry-title\"><a href=\"https:\/\/help.sportler.com\/it\/wie-funktioniert-das-umwandeln-der-punkte-in-gutscheine\/\">Come possono essere convertiti i punti in un buono?<\/a><\/h2><div class=\"fusion-post-content-container\"><p>Una volta raggiunti almeno 1.000 punti, \u00e8 possibile convertirli direttamente dal conto clienti o tramite SPORTLER App in un buono da 10 \u20ac. In alternativa, al momento della scadenza dei punti (12 mesi dalla data di acquisto), verr\u00e0 automaticamente generato un buono per l\u2019intero importo disponibile \u2013 fino a un valore massimo di 150 \u20ac \u2013 e inviato per posta o e-mail.<\/p>\n<\/div><\/div><div class=\"fusion-clearfix\"><\/div><\/article>\n<article id=\"blog-1-post-950\" class=\"fusion-post-large post-950 post type-post status-publish format-standard hentry category-card tag-card-voucher-it\">\n<div class=\"fusion-post-content post-content\"><h2 class=\"blog-shortcode-post-title entry-title\"><a href=\"https:\/\/help.sportler.com\/it\/posso-utilizzare-il-mio-buono-compleanno-assieme-ad-un-buono-fedelta\/\">Il buono compleanno pu\u00f2 essere utilizzato insieme ai buoni fedelt\u00e0?<\/a><\/h2><div class=\"fusion-post-content-container\"><p>S\u00ec, i buoni fedelt\u00e0 sono mezzi di pagamento e possono quindi essere utilizzati insieme ai buoni compleanno. Tuttavia, non \u00e8 possibile applicare due buoni sconto (come il buono compleanno e un coupon) su uno stesso prodotto.<\/p>\n<\/div><\/div><div class=\"fusion-clearfix\"><\/div><\/article>\n<article id=\"blog-1-post-945\" class=\"fusion-post-large post-945 post type-post status-publish format-standard hentry category-card tag-card-voucher-it\">\n<div class=\"fusion-post-content post-content\"><h2 class=\"blog-shortcode-post-title entry-title\"><a href=\"https:\/\/help.sportler.com\/it\/quanto-e-valido-il-mio-buono-compleanno\/\">Qual&#8217;\u00e8 la validit\u00e0 del buono compleanno della SPORTLER Card?<\/a><\/h2><div class=\"fusion-post-content-container\"><p>Il buono compleanno pu\u00f2 essere utilizzato dal primo giorno del mese di nascita fino all&#8217;ultimo giorno del mese successivo in tutti i SPORTLER store e su sportler.com. \u00c8 valido per prodotti non scontati ed \u00e8 escluso per l&#8217;acquisto di biciclette e Gift Card.<\/p>\n<\/div><\/div><div class=\"fusion-clearfix\"><\/div><\/article>\n<article id=\"blog-1-post-939\" class=\"fusion-post-large post-939 post type-post status-publish format-standard hentry category-card tag-card-voucher-it\">\n<div class=\"fusion-post-content post-content\"><h2 class=\"blog-shortcode-post-title entry-title\"><a href=\"https:\/\/help.sportler.com\/it\/non-ho-ricevuto-il-buono-compleanno-perche\/\">Non ricevo il buono compleanno, perch\u00e8?<\/a><\/h2><div class=\"fusion-post-content-container\"><p>Per ricevere il buono compleanno, \u00e8 necessario che la data di nascita nel proprio <a href=\"https:\/\/www.sportler.com\/cartavantaggi\/login\"><b>conto cliente<\/b><\/a> sia inserita. Se inserita, il buono compleanno sar\u00e0 visibile nella sezione &#8220;i miei buoni&#8221;. Per utilizzare il buono su sportler.com, da cliente loggato, baster\u00e0 scegliere il codice buono nella tendina e terminare l&#8217;ordine. Per utilizzare il buono in store, \u00e8 possibile stampare il buono dalla sezione &#8220;I miei buoni&#8221; o mostrarlo direttamente alla cassa tramite la SPORTLER App.<\/p>\n<p>Se la data di nascita non \u00e8 stata inserita almeno 3 mesi prima del compleanno, il sistema non genera il buono. In questo caso, \u00e8 necessario contattare il servizio clienti per ricevere assistenza.<\/p>\n<p>&nbsp;<\/p>\n<\/div><\/div><div class=\"fusion-clearfix\"><\/div><\/article>\n<article id=\"blog-1-post-842\" class=\"fusion-post-large post-842 post type-post status-publish format-standard hentry category-card tag-card-voucher-it\">\n<div class=\"fusion-post-content post-content\"><h2 class=\"blog-shortcode-post-title entry-title\"><a href=\"https:\/\/help.sportler.com\/it\/ho-problemi-nellutilizzo-di-buoni-della-sportler-card-nel-carrello-su-sportler-com\/\">Ho problemi nell&#8217;utilizzare i buoni loyalty su sportler.com?<\/a><\/h2><div class=\"fusion-post-content-container\"><p>1. Verifica la validit\u00e0 del buono: Assicurati che il buono non sia scaduto.<\/p>\n<p>2. Effettua il login prima dell&#8217;acquisto: Accedi con il tuo indirizzo email e la tua password per utilizzare il buono correttamente, al <a href=\"https:\/\/www.sportler.com\/cartavantaggi\/login\">login<\/a>.<\/p>\n<p>3. Accedi ai buoni nel tuo conto cliente: Una volta effettuato l&#8217;accesso, puoi visualizzare i buoni disponibili della SPORTLER Card nel menu a tendina &#8220;Buono SPORTLER Card&#8221;.<\/p>\n<\/div><\/div><div class=\"fusion-clearfix\"><\/div><\/article>\n<article id=\"blog-1-post-834\" class=\"fusion-post-large post-834 post type-post status-publish format-standard hentry category-card category-return tag-card-points-it tag-card-voucher-it\">\n<div class=\"fusion-post-content post-content\"><h2 class=\"blog-shortcode-post-title entry-title\"><a href=\"https:\/\/help.sportler.com\/it\/cosa-succede-con-i-miei-punti-e-buoni-se-restituisco-prodotti-comprati\/\">Cosa succede con i miei punti e buoni in caso di reso?<\/a><\/h2><div class=\"fusion-post-content-container\"><p>1. Reso in store: Se restituisci la merce in store, emetteremo un buono reso per l&#8217;importo corrispondente. I punti rimarranno sul tuo conto cliente. Tuttavia, quando utilizzi il buono, non verranno accreditati nuovi punti.<\/p>\n<p>2. Reso online: Se effettui il reso online, i punti verranno detratta dal tuo conto cliente e l&#8217;importo verr\u00e0 rimborsato sul metodo di pagamento originale.<\/p>\n<p>3. Uso di buoni fedelt\u00e0: Se durante l&#8217;acquisto hai utilizzato dei buoni fedelt\u00e0, i relativi punti ti saranno riaccreditati sul tuo conto cliente.<\/p>\n<\/div><\/div><div class=\"fusion-clearfix\"><\/div><\/article>\n<article id=\"blog-1-post-803\" class=\"fusion-post-large post-803 post type-post status-publish format-standard hentry category-card tag-card-voucher-it\">\n<div class=\"fusion-post-content post-content\"><h2 class=\"blog-shortcode-post-title entry-title\"><a href=\"https:\/\/help.sportler.com\/it\/dove-vedo-i-buoni-della-mia-sportler-card\/\">Dove posso visualizzare i miei buoni?<\/a><\/h2><div class=\"fusion-post-content-container\"><p>\u00c8 possibile visualizzare lo storico completo dei propri buoni, validi e gi\u00e0 utilizzati, nella sezione &#8220;i miei buoni&#8221; del proprio <a href=\"https:\/\/www.sportler.com\/cartavantaggi\/login\"><b>account<\/b><\/a> online e nella <a href=\"https:\/\/www.sportler.com\/it\/news-trends\/pages\/sportler-app\"><b>SPORTLER App<\/b><\/a>.<\/p>\n<\/div><\/div><div class=\"fusion-clearfix\"><\/div><\/article>\n<article id=\"blog-1-post-438\" class=\"fusion-post-large post-438 post type-post status-publish format-standard hentry category-card category-payment category-promo tag-card-voucher-it\">\n<div class=\"fusion-post-content post-content\"><h2 class=\"blog-shortcode-post-title entry-title\"><a href=\"https:\/\/help.sportler.com\/it\/dove-devo-inserire-un-buono-compleanno-fedelta-newsletter-etc-per-poterlo-utilizzare\/\">Come posso usufruire di un buono Loyalty online?<\/a><\/h2><div class=\"fusion-post-content-container\"><p>Per utilizzare buoni fedelt\u00e0 o il buono compleanno su sportler.com, \u00e8 necessario effettuare l&#8217;ordine come utente registrato, clicca qui per il <a href=\"http:\/\/www.sportler.com\/cartavantaggi\/login\">login<\/a>. Tutti i buoni disponibili vengono visualizzati nel carrello nel menu a tendina in basso a sinistra e possono essere attivati cliccando sul pulsante &#8220;Riscuoti&#8221;. Per utilizzare pi\u00f9 buoni, \u00e8 possibile ripetere la procedura.<\/p>\n<\/div><\/div><div class=\"fusion-clearfix\"><\/div><\/article>\n<article id=\"blog-1-post-119\" class=\"fusion-post-large post-119 post type-post status-publish format-standard hentry category-card category-promo tag-card-points-it tag-card-voucher-it\">\n<div class=\"fusion-post-content post-content\"><h2 class=\"blog-shortcode-post-title entry-title\"><a href=\"https:\/\/help.sportler.com\/it\/ricevo-punti-anche-per-acquisti-pagati-con-buoni\/\">Accumulo punti anche per acquisti pagati con buoni?<\/a><\/h2><div class=\"fusion-post-content-container\"><p>No, l&#8217;utilizzo di un buono (buono fedelt\u00e0, gift card, buono merce, etc.) non concorre nella raccolta punti.<\/p>\n<\/div><\/div><div class=\"fusion-clearfix\"><\/div><\/article>\n<article id=\"blog-1-post-117\" class=\"fusion-post-large post-117 post type-post status-publish format-standard hentry category-card tag-card-points-it tag-card-voucher-it\">\n<div class=\"fusion-post-content post-content\"><h2 class=\"blog-shortcode-post-title entry-title\"><a href=\"https:\/\/help.sportler.com\/it\/ricevo-punti-anche-acquistando-buoni-valore\/\">Accumulo punti anche se acquisto un buono regalo?<\/a><\/h2><div class=\"fusion-post-content-container\"><p>S\u00ec, i punti verranno accreditati per l&#8217;ammontare del valore della gift card acquistata.<\/p>\n<\/div><\/div><div class=\"fusion-clearfix\"><\/div><\/article>\n<\/div><\/div><div class=\"fusion-clearfix\"><\/div><\/div><\/div><\/div><\/div><\/p>\n","protected":false},"excerpt":{"rendered":"<p>no<\/p>\n","protected":false},"author":4,"featured_media":0,"parent":0,"menu_order":0,"comment_status":"closed","ping_status":"closed","template":"","meta":{"footnotes":""},"class_list":["post-1252","page","type-page","status-publish","hentry"],"jetpack_shortlink":"https:\/\/wp.me\/Pa23HB-kc","jetpack-related-posts":[{"id":589,"url":"https:\/\/help.sportler.com\/sportler-card\/","url_meta":{"origin":1252,"position":0},"title":"SPORTLER Card","author":"Julia Z.","date":"10 Settembre 2018","format":false,"excerpt":"yes","rel":"","context":"Articolo simile","block_context":{"text":"Articolo simile","link":""},"img":{"alt_text":"","src":"","width":0,"height":0},"classes":[]},{"id":543,"url":"https:\/\/help.sportler.com\/hallo-wie-koennen-wir-helfen\/","url_meta":{"origin":1252,"position":1},"title":"Hallo, wie k\u00f6nnen wir helfen?","author":"Julia Z.","date":"10 Settembre 2018","format":false,"excerpt":"","rel":"","context":"Articolo simile","block_context":{"text":"Articolo simile","link":""},"img":{"alt_text":"","src":"","width":0,"height":0},"classes":[]},{"id":4,"url":"https:\/\/help.sportler.com\/it\/","url_meta":{"origin":1252,"position":2},"title":"Ciao, come possiamo aiutarti?","author":"Julia Z.","date":"17 Aprile 2018","format":false,"excerpt":"","rel":"","context":"Articolo simile","block_context":{"text":"Articolo simile","link":""},"img":{"alt_text":"","src":"","width":0,"height":0},"classes":[]},{"id":590,"url":"https:\/\/help.sportler.com\/account\/","url_meta":{"origin":1252,"position":3},"title":"Account","author":"Julia Z.","date":"10 Settembre 2018","format":false,"excerpt":"yes","rel":"","context":"Articolo simile","block_context":{"text":"Articolo simile","link":""},"img":{"alt_text":"","src":"","width":0,"height":0},"classes":[]},{"id":592,"url":"https:\/\/help.sportler.com\/filialen\/","url_meta":{"origin":1252,"position":4},"title":"Stores","author":"Julia Z.","date":"10 Settembre 2018","format":false,"excerpt":"yes","rel":"","context":"Articolo simile","block_context":{"text":"Articolo simile","link":""},"img":{"alt_text":"","src":"","width":0,"height":0},"classes":[]},{"id":368,"url":"https:\/\/help.sportler.com\/it\/punti-vendita\/","url_meta":{"origin":1252,"position":5},"title":"Store","author":"Julia Z.","date":"29 Agosto 2018","format":false,"excerpt":"yes","rel":"","context":"Articolo simile","block_context":{"text":"Articolo simile","link":""},"img":{"alt_text":"","src":"","width":0,"height":0},"classes":[]}],"jetpack_sharing_enabled":true,"_links":{"self":[{"href":"https:\/\/help.sportler.com\/it\/wp-json\/wp\/v2\/pages\/1252","targetHints":{"allow":["GET"]}}],"collection":[{"href":"https:\/\/help.sportler.com\/it\/wp-json\/wp\/v2\/pages"}],"about":[{"href":"https:\/\/help.sportler.com\/it\/wp-json\/wp\/v2\/types\/page"}],"author":[{"embeddable":true,"href":"https:\/\/help.sportler.com\/it\/wp-json\/wp\/v2\/users\/4"}],"replies":[{"embeddable":true,"href":"https:\/\/help.sportler.com\/it\/wp-json\/wp\/v2\/comments?post=1252"}],"version-history":[{"count":5,"href":"https:\/\/help.sportler.com\/it\/wp-json\/wp\/v2\/pages\/1252\/revisions"}],"predecessor-version":[{"id":2229,"href":"https:\/\/help.sportler.com\/it\/wp-json\/wp\/v2\/pages\/1252\/revisions\/2229"}],"wp:attachment":[{"href":"https:\/\/help.sportler.com\/it\/wp-json\/wp\/v2\/media?parent=1252"}],"curies":[{"name":"wp","href":"https:\/\/api.w.org\/{rel}","templated":true}]}}